{"id":27240,"date":"2017-01-22T12:49:33","date_gmt":"2017-01-22T11:49:33","guid":{"rendered":"https:\/\/kaldun.pl\/sklep\/misjonarze-z-dywanowa-szeregowy-lenczyk-na-misji-w-iraku-czesc-iv-hiena\/"},"modified":"2026-01-14T21:47:49","modified_gmt":"2026-01-14T20:47:49","slug":"misjonarze-z-dywanowa-szeregowy-lenczyk-na-misji-w-iraku-czesc-iv-hiena","status":"publish","type":"product","link":"https:\/\/kaldun.pl\/en\/sklep\/misjonarze-z-dywanowa-szeregowy-lenczyk-na-misji-w-iraku-czesc-iv-hiena\/","title":{"rendered":"Misjonarze z Dywanowa Szeregowy Le\u0144czyk na misji w Iraku Cz\u0119\u015b\u0107 IV. Hiena"},"content":{"rendered":"<p>Misjonarze z Dywanowa Szeregowy Le\u0144czyk na misji w Iraku Cz\u0119\u015b\u0107 IV. Hiena <\/p>","protected":false},"excerpt":{"rendered":"<p>Misjonarze z Dywanowa Szeregowy Le\u0144czyk na misji w Iraku Cz\u0119\u015b\u0107 IV. Hiena<\/p>","protected":false},"featured_media":27744,"template":"","meta":{"_et_pb_use_builder":"","_et_pb_old_content":"","_et_gb_content_width":""},"product_brand":[],"product_cat":[66],"product_tag":[286,138,287],"class_list":{"0":"post-27240","1":"product","2":"type-product","3":"status-publish","4":"has-post-thumbnail","6":"product_cat-ksiazki","7":"product_tag-ksiazka","8":"product_tag-misjonarzezdywanowa","9":"product_tag-zdanowicz","11":"first","12":"outofstock","13":"taxable","14":"shipping-taxable","15":"purchasable","16":"product-type-simple"},"exclude_global_add_ons":false,"addons":[{"name":"Autograf autora","type":"checkbox","position":0,"required":false,"title_format":"heading","default":"","description_enable":false,"description":"","placeholder_enable":false,"placeholder":"","display":"select","restrictions_type":"any_text","adjust_price":false,"price":"","price_type":"flat_fee","restrictions":false,"min":"0","max":"0","options":[{"label":"Prosz\u0119 z autografem","price":"","price_type":"quantity_based","image":0,"visibility":true}]},{"name":"Dedykacja autora","type":"heading","position":1,"required":false,"title_format":"label","default":"","description_enable":false,"description":"","placeholder_enable":false,"placeholder":"","display":"select","restrictions_type":"any_text","adjust_price":false,"price":"","price_type":"flat_fee","restrictions":false,"min":"0","max":"0","options":[]},{"name":"Dedykacja autora","type":"custom_textarea","position":2,"required":false,"title_format":"hide","default":"","description_enable":false,"description":"","placeholder_enable":false,"placeholder":"","display":"select","restrictions_type":"any_text","adjust_price":false,"price":"","price_type":"quantity_based","restrictions":false,"min":"0","max":"0","options":[]}],"_links":{"self":[{"href":"https:\/\/kaldun.pl\/en\/wp-json\/wp\/v2\/product\/27240","targetHints":{"allow":["GET"]}}],"collection":[{"href":"https:\/\/kaldun.pl\/en\/wp-json\/wp\/v2\/product"}],"about":[{"href":"https:\/\/kaldun.pl\/en\/wp-json\/wp\/v2\/types\/product"}],"wp:featuredmedia":[{"embeddable":true,"href":"https:\/\/kaldun.pl\/en\/wp-json\/wp\/v2\/media\/27744"}],"wp:attachment":[{"href":"https:\/\/kaldun.pl\/en\/wp-json\/wp\/v2\/media?parent=27240"}],"wp:term":[{"taxonomy":"product_brand","embeddable":true,"href":"https:\/\/kaldun.pl\/en\/wp-json\/wp\/v2\/product_brand?post=27240"},{"taxonomy":"product_cat","embeddable":true,"href":"https:\/\/kaldun.pl\/en\/wp-json\/wp\/v2\/product_cat?post=27240"},{"taxonomy":"product_tag","embeddable":true,"href":"https:\/\/kaldun.pl\/en\/wp-json\/wp\/v2\/product_tag?post=27240"}],"curies":[{"name":"wp","href":"https:\/\/api.w.org\/{rel}","templated":true}]}}