{"id":25397,"date":"2016-07-24T14:34:12","date_gmt":"2016-07-24T12:34:12","guid":{"rendered":"https:\/\/kaldun.pl\/?post_type=product&#038;p=25397"},"modified":"2026-01-14T21:47:40","modified_gmt":"2026-01-14T20:47:40","slug":"misjonarze-z-dywanowa-szeregowy-lenczyk-na-misji-w-iraku-czesc-iii-honkey","status":"publish","type":"product","link":"https:\/\/kaldun.pl\/en\/sklep\/misjonarze-z-dywanowa-szeregowy-lenczyk-na-misji-w-iraku-czesc-iii-honkey\/","title":{"rendered":"Misjonarze z Dywanowa Szeregowy Le\u0144czyk na misji w Iraku Cz\u0119\u015b\u0107 III. Honkey"},"content":{"rendered":"<p style=\"text-align: justify;\">Tytu\u0142owi misjonarze to \u017co\u0142nierze s\u0142u\u017c\u0105cy w polskich misjach, a swojskie Dywanowo to oswojona przez rodak\u00f3w j\u0119zykowo baza w Diwaniji. Ju\u017c pocz\u0105tek zadziwia, kiedy okazuje si\u0119, \u017ce najbardziej pieczo\u0142owicie uk\u0142adane plany mo\u017ce pokrzy\u017cowa\u0107 przypadek. Bo tu, jak u Szwejka, weso\u0142o jest, ale nie do ko\u0144ca. Szeregowy Piotr Le\u0144czyk, g\u0142\u00f3wny bohater, wywo\u0142uje co\u015b pomi\u0119dzy zachwytem a przera\u017ceniem.<br \/>\nTrzecia cz\u0119\u015b\u0107 Lenczyka w moich oczach&#8230;<br \/>\nJestem prawie na \u015bwie\u017co po lekturze i czuj\u0119 si\u0119 dziwnie usatysfakcjonowany. Bo niestety czasem (cz\u0119\u015bciej nawet, ni\u017c czasem) zdarza si\u0119 w trylogiach wszelkiego rodzaju, \u017ce cz\u0119\u015b\u0107 pierwsza, jako rozbieg\u00f3wka, zachwyca nowym spojrzeniem, cz\u0119\u015b\u0107 druga, jako szczyt stanowi doskona\u0142o\u015b\u0107 sama w sobie, a cz\u0119\u015b\u0107 trzecia&#8230; to po prostu odcinanie kupon\u00f3w od sukcesu poprzedniczek.<br \/>\nTu, \u015bmiem twierdzi\u0107, wyst\u0105pi\u0142o zjawisko odwrotne. Moim skromnym zdaniem cz\u0119\u015b\u0107 trzecia jest NAJLEPSZA ze wszystkich. I mam nadziej\u0119, \u017ce Autor na tej trzeciej nie poprzestanie \ud83d\ude09<br \/>\nPrzede wszystkim &#8211; jest akcja, i to na tyle sensacyjna, \u017ce mimo &#8222;grubo\u015bci&#8221; dzie\u0142a &#8211; wci\u0105gaj\u0105ca. Nareszcie si\u0119 co\u015b dzieje &#8222;globalnie&#8221;, czyli w\u0105tek sensacyjno-akcyjny przewija si\u0119 przez ca\u0142y utw\u00f3r. Po drugie &#8211; zdecydowanie najlepiej napisana &#8211; nie twierdz\u0119, \u017ce poprzednie by\u0142y napisane \u017ale, ale tu ju\u017c wida\u0107 r\u0119k\u0119 mistrza, obycie z warsztatem, wyczucie delikatnej materii i surowych reali\u00f3w. No i na koniec &#8211; posta\u0107 g\u0142\u00f3wnego bohatera przechodzi metamorfoz\u0119; to ju\u017c nie jest tylko &#8222;Szwejk&#8221; &#8211; to ju\u017c jest &#8222;dobry wojak&#8221;. W jak najlepszym tego s\u0142owa znaczeniu.<\/p>","protected":false},"excerpt":{"rendered":"<p>Tytu\u0142owi misjonarze to \u017co\u0142nierze s\u0142u\u017c\u0105cy w polskich misjach, a swojskie Dywanowo to oswojona przez rodak\u00f3w j\u0119zykowo baza w Diwaniji. Ju\u017c pocz\u0105tek zadziwia, kiedy okazuje si\u0119, \u017ce najbardziej pieczo\u0142owicie uk\u0142adane plany mo\u017ce pokrzy\u017cowa\u0107 przypadek. Bo tu, jak u Szwejka, weso\u0142o jest, ale nie do ko\u0144ca. Szeregowy Piotr Le\u0144czyk, g\u0142\u00f3wny bohater, wywo\u0142uje co\u015b pomi\u0119dzy zachwytem a przera\u017ceniem. [&hellip;]<\/p>\n","protected":false},"featured_media":32956,"template":"","meta":{"_et_pb_use_builder":"","_et_pb_old_content":"","_et_gb_content_width":""},"product_brand":[],"product_cat":[66],"product_tag":[286,138,287],"class_list":{"0":"post-25397","1":"product","2":"type-product","3":"status-publish","4":"has-post-thumbnail","6":"product_cat-ksiazki","7":"product_tag-ksiazka","8":"product_tag-misjonarzezdywanowa","9":"product_tag-zdanowicz","10":"product_shipping_class-ksiazki","12":"first","13":"outofstock","14":"taxable","15":"shipping-taxable","16":"purchasable","17":"product-type-simple"},"exclude_global_add_ons":false,"addons":[{"name":"Autograf autora","type":"checkbox","position":0,"required":false,"title_format":"heading","default":"","description_enable":false,"description":"","placeholder_enable":false,"placeholder":"","display":"select","restrictions_type":"any_text","adjust_price":false,"price":"","price_type":"flat_fee","restrictions":false,"min":"0","max":"0","options":[{"label":"Prosz\u0119 z autografem","price":"","price_type":"quantity_based","image":0,"visibility":true}]},{"name":"Dedykacja autora","type":"heading","position":1,"required":false,"title_format":"label","default":"","description_enable":false,"description":"","placeholder_enable":false,"placeholder":"","display":"select","restrictions_type":"any_text","adjust_price":false,"price":"","price_type":"flat_fee","restrictions":false,"min":"0","max":"0","options":[]},{"name":"Dedykacja autora","type":"custom_textarea","position":2,"required":false,"title_format":"hide","default":"","description_enable":false,"description":"","placeholder_enable":false,"placeholder":"","display":"select","restrictions_type":"any_text","adjust_price":false,"price":"","price_type":"quantity_based","restrictions":false,"min":"0","max":"0","options":[]}],"_links":{"self":[{"href":"https:\/\/kaldun.pl\/en\/wp-json\/wp\/v2\/product\/25397","targetHints":{"allow":["GET"]}}],"collection":[{"href":"https:\/\/kaldun.pl\/en\/wp-json\/wp\/v2\/product"}],"about":[{"href":"https:\/\/kaldun.pl\/en\/wp-json\/wp\/v2\/types\/product"}],"wp:featuredmedia":[{"embeddable":true,"href":"https:\/\/kaldun.pl\/en\/wp-json\/wp\/v2\/media\/32956"}],"wp:attachment":[{"href":"https:\/\/kaldun.pl\/en\/wp-json\/wp\/v2\/media?parent=25397"}],"wp:term":[{"taxonomy":"product_brand","embeddable":true,"href":"https:\/\/kaldun.pl\/en\/wp-json\/wp\/v2\/product_brand?post=25397"},{"taxonomy":"product_cat","embeddable":true,"href":"https:\/\/kaldun.pl\/en\/wp-json\/wp\/v2\/product_cat?post=25397"},{"taxonomy":"product_tag","embeddable":true,"href":"https:\/\/kaldun.pl\/en\/wp-json\/wp\/v2\/product_tag?post=25397"}],"curies":[{"name":"wp","href":"https:\/\/api.w.org\/{rel}","templated":true}]}}