{"id":25396,"date":"2016-07-24T13:50:45","date_gmt":"2016-07-24T11:50:45","guid":{"rendered":"https:\/\/kaldun.pl\/?post_type=product&#038;p=25396"},"modified":"2026-01-14T21:47:40","modified_gmt":"2026-01-14T20:47:40","slug":"misjonarze-z-dywanowa-polski-szwejk-na-misji-w-iraku-czesc-ii-jonasz","status":"publish","type":"product","link":"https:\/\/kaldun.pl\/en\/sklep\/misjonarze-z-dywanowa-polski-szwejk-na-misji-w-iraku-czesc-ii-jonasz\/","title":{"rendered":"Misjonarze z Dywanowa. Polski Szwejk na misji w Iraku Cz\u0119\u015b\u0107 II. Jonasz"},"content":{"rendered":"<p style=\"text-align: justify;\">\u201eJonasza\u201d czyta si\u0119 zupe\u0142nie inaczej, ni\u017c tom pierwszy trylogii. Ju\u017c nie s\u0105 tak cz\u0119ste, nieposkromione wybuchy \u015bmiechu, bo czytelnik doskonale pami\u0119ta posmak goryczy, jaki pojawi\u0142 si\u0119 wraz z przemy\u015bleniami nast\u0119pnego dnia po zako\u0144czeniu pasjonuj\u0105cej lektury, wtedy, gdy pojawi\u0142a si\u0119 my\u015bl \u2013 to przecie\u017c nasza armia, nasza duma i nasza tradycyjna s\u0142awa. Teraz, nast\u0119pna ksi\u0105\u017cka Zdanowicza powoduje refleksje natychmiastowe, kiedy kolejne opisane przez autora zdarzenia przywo\u0142uj\u0105 obrazy znane z przeciek\u00f3w medialnych. Przeciek\u00f3w, bo pe\u0142ne informacje o faktycznym obrazie naszych si\u0142 zbrojnych nie pojawiaj\u0105 si\u0119 nigdy. Nie zmieni\u0142 (na szcz\u0119\u015bcie) autor wojskowego j\u0119zyka narracji, zapewniaj\u0105cego dialogom i relacjom fascynuj\u0105c\u0105 autentyczno\u015b\u0107, a wartko\u015bci\u0105 opisywanych wydarze\u0144 dor\u00f3wna\u0107 mo\u017ce prawdziwym mistrzom gatunku. I nie ukrywam. Zaskoczy\u0142 mnie Zdanowicz elementem, kt\u00f3rego si\u0119 nie spodziewa\u0142em. Gdzie\u015b g\u0142\u0119boko chyba w nim drzemie skrz\u0119tnie ukrywany romantyk. W zako\u0144czeniu z zaskakuj\u0105c\u0105 u niego \u0142agodno\u015bci\u0105 pokaza\u0142, \u017ce polski \u017co\u0142nierz potrafi w ujmuj\u0105cy, pe\u0142en prawdziwego szacunku podziwia\u0107 urod\u0119 damy w mundurze i hmm\u2026 potrafi zdobywa\u0107 jej przychylno\u015b\u0107.<br \/>\nTak\u0105 w\u0142a\u015bnie przychylno\u015b\u0107 zjednuj\u0105 sobie ksi\u0105\u017cki W\u0142adys\u0142awa Zdanowicza, bo ich lektur\u0119 trudno nazwa\u0107 czytaniem. A jak nazwa\u0107? \u201eMisjonarzy\u201d si\u0119\u2026 smakuje, a apetyt ro\u015bnie w miar\u0119 jedzenia. Czy przesadzam? Chyba nie.<\/p>","protected":false},"excerpt":{"rendered":"<p>\u201eJonasza\u201d czyta si\u0119 zupe\u0142nie inaczej, ni\u017c tom pierwszy trylogii. Ju\u017c nie s\u0105 tak cz\u0119ste, nieposkromione wybuchy \u015bmiechu, bo czytelnik doskonale pami\u0119ta posmak goryczy, jaki pojawi\u0142 si\u0119 wraz z przemy\u015bleniami nast\u0119pnego dnia po zako\u0144czeniu pasjonuj\u0105cej lektury, wtedy, gdy pojawi\u0142a si\u0119 my\u015bl \u2013 to przecie\u017c nasza armia, nasza duma i nasza tradycyjna s\u0142awa. Teraz, nast\u0119pna ksi\u0105\u017cka Zdanowicza [&hellip;]<\/p>\n","protected":false},"featured_media":32955,"template":"","meta":{"_et_pb_use_builder":"","_et_pb_old_content":"","_et_gb_content_width":""},"product_brand":[],"product_cat":[66],"product_tag":[286,138,287],"class_list":{"0":"post-25396","1":"product","2":"type-product","3":"status-publish","4":"has-post-thumbnail","6":"product_cat-ksiazki","7":"product_tag-ksiazka","8":"product_tag-misjonarzezdywanowa","9":"product_tag-zdanowicz","10":"product_shipping_class-ksiazki","12":"first","13":"outofstock","14":"taxable","15":"shipping-taxable","16":"purchasable","17":"product-type-simple"},"exclude_global_add_ons":false,"addons":[{"name":"Autograf autora","type":"checkbox","position":0,"required":false,"title_format":"heading","default":"","description_enable":false,"description":"","placeholder_enable":false,"placeholder":"","display":"select","restrictions_type":"any_text","adjust_price":false,"price":"","price_type":"flat_fee","restrictions":false,"min":"0","max":"0","options":[{"label":"Prosz\u0119 z autografem","price":"","price_type":"quantity_based","image":0,"visibility":true}]},{"name":"Dedykacja autora","type":"heading","position":1,"required":false,"title_format":"label","default":"","description_enable":false,"description":"","placeholder_enable":false,"placeholder":"","display":"select","restrictions_type":"any_text","adjust_price":false,"price":"","price_type":"flat_fee","restrictions":false,"min":"0","max":"0","options":[]},{"name":"Dedykacja autora","type":"custom_textarea","position":2,"required":false,"title_format":"hide","default":"","description_enable":false,"description":"","placeholder_enable":false,"placeholder":"","display":"select","restrictions_type":"any_text","adjust_price":false,"price":"","price_type":"quantity_based","restrictions":false,"min":"0","max":"0","options":[]}],"_links":{"self":[{"href":"https:\/\/kaldun.pl\/en\/wp-json\/wp\/v2\/product\/25396","targetHints":{"allow":["GET"]}}],"collection":[{"href":"https:\/\/kaldun.pl\/en\/wp-json\/wp\/v2\/product"}],"about":[{"href":"https:\/\/kaldun.pl\/en\/wp-json\/wp\/v2\/types\/product"}],"wp:featuredmedia":[{"embeddable":true,"href":"https:\/\/kaldun.pl\/en\/wp-json\/wp\/v2\/media\/32955"}],"wp:attachment":[{"href":"https:\/\/kaldun.pl\/en\/wp-json\/wp\/v2\/media?parent=25396"}],"wp:term":[{"taxonomy":"product_brand","embeddable":true,"href":"https:\/\/kaldun.pl\/en\/wp-json\/wp\/v2\/product_brand?post=25396"},{"taxonomy":"product_cat","embeddable":true,"href":"https:\/\/kaldun.pl\/en\/wp-json\/wp\/v2\/product_cat?post=25396"},{"taxonomy":"product_tag","embeddable":true,"href":"https:\/\/kaldun.pl\/en\/wp-json\/wp\/v2\/product_tag?post=25396"}],"curies":[{"name":"wp","href":"https:\/\/api.w.org\/{rel}","templated":true}]}}