{"id":116744,"date":"2026-03-08T18:55:12","date_gmt":"2026-03-08T17:55:12","guid":{"rendered":"https:\/\/kaldun.pl\/?post_type=product&#038;p=116744"},"modified":"2026-03-08T19:40:11","modified_gmt":"2026-03-08T18:40:11","slug":"bluzazkapturemkostucha","status":"publish","type":"product","link":"https:\/\/kaldun.pl\/en\/sklep\/bluzazkapturemkostucha\/","title":{"rendered":"Bluza z kapturem Kostucha"},"content":{"rendered":"        <div\n            class=\"spotlight-instagram-feed\"\n            data-feed-var=\"aff070b7\"\n            data-analytics=\"0\"\n            data-instance=\"116744\"\n        >\n        <\/div>\n        <input type=\"hidden\" id=\"sli__f__aff070b7\" data-json='{&quot;useCase&quot;:&quot;accounts&quot;,&quot;template&quot;:&quot;classic&quot;,&quot;layout&quot;:&quot;grid&quot;,&quot;numColumns&quot;:{&quot;desktop&quot;:4},&quot;highlightFreq&quot;:{&quot;desktop&quot;:7},&quot;sliderNumScrollPosts&quot;:{&quot;desktop&quot;:1},&quot;sliderInfinite&quot;:true,&quot;sliderLoop&quot;:false,&quot;sliderArrowPos&quot;:{&quot;desktop&quot;:&quot;inside&quot;},&quot;sliderArrowSize&quot;:{&quot;desktop&quot;:20},&quot;sliderArrowColor&quot;:{&quot;r&quot;:255,&quot;b&quot;:255,&quot;g&quot;:255,&quot;a&quot;:1},&quot;sliderArrowBgColor&quot;:{&quot;r&quot;:0,&quot;b&quot;:0,&quot;g&quot;:0,&quot;a&quot;:0.8},&quot;sliderAutoScroll&quot;:false,&quot;sliderAutoInterval&quot;:3,&quot;postOrder&quot;:&quot;date_desc&quot;,&quot;numPosts&quot;:{&quot;desktop&quot;:24},&quot;linkBehavior&quot;:{&quot;desktop&quot;:&quot;lightbox&quot;},&quot;feedWidth&quot;:{&quot;desktop&quot;:&quot;&quot;},&quot;feedHeight&quot;:{&quot;desktop&quot;:&quot;&quot;},&quot;feedPadding&quot;:{&quot;desktop&quot;:0,&quot;tablet&quot;:14,&quot;phone&quot;:10},&quot;imgPadding&quot;:{&quot;desktop&quot;:1,&quot;tablet&quot;:10,&quot;phone&quot;:6},&quot;ratio&quot;:&quot;classic&quot;,&quot;textSize&quot;:{&quot;desktop&quot;:&quot;&quot;,&quot;tablet&quot;:&quot;&quot;,&quot;phone&quot;:&quot;&quot;},&quot;bgColor&quot;:{&quot;r&quot;:255,&quot;g&quot;:255,&quot;b&quot;:255,&quot;a&quot;:1},&quot;hoverInfo&quot;:[],&quot;textColorHover&quot;:{&quot;r&quot;:255,&quot;g&quot;:255,&quot;b&quot;:255,&quot;a&quot;:1},&quot;bgColorHover&quot;:{&quot;r&quot;:0,&quot;g&quot;:0,&quot;b&quot;:0,&quot;a&quot;:0.5},&quot;showHeader&quot;:{&quot;desktop&quot;:false},&quot;headerInfo&quot;:{&quot;desktop&quot;:[&quot;profile_pic&quot;]},&quot;headerAccount&quot;:5,&quot;headerStyle&quot;:{&quot;desktop&quot;:&quot;normal&quot;,&quot;phone&quot;:&quot;normal&quot;},&quot;headerTextSize&quot;:{&quot;desktop&quot;:&quot;&quot;},&quot;headerPhotoSize&quot;:{&quot;desktop&quot;:50},&quot;headerTextColor&quot;:{&quot;r&quot;:0,&quot;g&quot;:0,&quot;b&quot;:0,&quot;a&quot;:1},&quot;headerBgColor&quot;:{&quot;r&quot;:255,&quot;g&quot;:255,&quot;b&quot;:255,&quot;a&quot;:0},&quot;headerPadding&quot;:{&quot;desktop&quot;:0,&quot;phone&quot;:0},&quot;customProfilePic&quot;:0,&quot;customBioText&quot;:&quot;&quot;,&quot;includeStories&quot;:false,&quot;storiesInterval&quot;:5,&quot;showCaptions&quot;:{&quot;desktop&quot;:false},&quot;captionMaxLength&quot;:{&quot;desktop&quot;:0},&quot;captionRemoveDots&quot;:false,&quot;captionSize&quot;:{&quot;desktop&quot;:0},&quot;captionColor&quot;:{&quot;r&quot;:0,&quot;g&quot;:0,&quot;b&quot;:0,&quot;a&quot;:1},&quot;showLikes&quot;:{&quot;desktop&quot;:false},&quot;showComments&quot;:{&quot;desktop&quot;:false},&quot;lcIconSize&quot;:{&quot;desktop&quot;:14},&quot;likesIconColor&quot;:{&quot;r&quot;:0,&quot;g&quot;:0,&quot;b&quot;:0,&quot;a&quot;:1},&quot;commentsIconColor&quot;:{&quot;r&quot;:0,&quot;g&quot;:0,&quot;b&quot;:0,&quot;a&quot;:1},&quot;lightboxShowSidebar&quot;:false,&quot;lightboxCtaStyle&quot;:&quot;link&quot;,&quot;lightboxCtaDesign&quot;:{&quot;text&quot;:{&quot;color&quot;:{&quot;r&quot;:0,&quot;g&quot;:0,&quot;b&quot;:0,&quot;a&quot;:1},&quot;align&quot;:&quot;center&quot;},&quot;bgColor&quot;:{&quot;r&quot;:230,&quot;g&quot;:230,&quot;b&quot;:230,&quot;a&quot;:1},&quot;border&quot;:{&quot;radius&quot;:3}},&quot;numLightboxComments&quot;:50,&quot;showLoadMoreBtn&quot;:{&quot;desktop&quot;:true},&quot;loadMoreBtnDesign&quot;:{&quot;text&quot;:{&quot;color&quot;:{&quot;r&quot;:255,&quot;g&quot;:255,&quot;b&quot;:255,&quot;a&quot;:1},&quot;align&quot;:&quot;center&quot;},&quot;border&quot;:{&quot;radius&quot;:3},&quot;bgColor&quot;:{&quot;r&quot;:75,&quot;g&quot;:83,&quot;b&quot;:32,&quot;a&quot;:1},&quot;margin&quot;:{&quot;top&quot;:0,&quot;bottom&quot;:0,&quot;left&quot;:0,&quot;right&quot;:0}},&quot;loadMoreBtnText&quot;:&quot;wi\\u0119cej zdj\\u0119\\u0107&quot;,&quot;loadMoreBtnScroll&quot;:false,&quot;autoload&quot;:false,&quot;showFollowBtn&quot;:{&quot;desktop&quot;:false},&quot;followBtnText&quot;:&quot;Follow on Instagram&quot;,&quot;followBtnDesign&quot;:{&quot;text&quot;:{&quot;color&quot;:{&quot;r&quot;:255,&quot;g&quot;:255,&quot;b&quot;:255,&quot;a&quot;:1},&quot;align&quot;:&quot;center&quot;},&quot;border&quot;:{&quot;radius&quot;:3},&quot;bgColor&quot;:{&quot;r&quot;:41,&quot;g&quot;:167,&quot;b&quot;:210,&quot;a&quot;:1},&quot;margin&quot;:{&quot;top&quot;:0,&quot;bottom&quot;:0,&quot;left&quot;:0,&quot;right&quot;:0}},&quot;followBtnLocation&quot;:{&quot;desktop&quot;:&quot;header&quot;,&quot;phone&quot;:&quot;bottom&quot;},&quot;alignFooterButtons&quot;:{&quot;desktop&quot;:false},&quot;customCss&quot;:&quot;\\\/* Enter your custom CSS below *\\\/\\n\\n&quot;,&quot;accounts&quot;:[110603],&quot;tagged&quot;:[],&quot;hashtags&quot;:[],&quot;mediaType&quot;:&quot;all&quot;,&quot;hashtagWhitelist&quot;:[],&quot;hashtagBlacklist&quot;:[],&quot;captionWhitelist&quot;:[],&quot;captionBlacklist&quot;:[],&quot;hashtagWhitelistSettings&quot;:true,&quot;hashtagBlacklistSettings&quot;:true,&quot;captionWhitelistSettings&quot;:true,&quot;captionBlacklistSettings&quot;:true,&quot;moderation&quot;:[],&quot;moderationMode&quot;:&quot;blacklist&quot;,&quot;promosVersion&quot;:2,&quot;promosEnabled&quot;:true,&quot;globalPromosEnabled&quot;:true,&quot;autoPromosEnabled&quot;:true,&quot;promoOverrides&quot;:[],&quot;feedPromo&quot;:{&quot;linkSource&quot;:{&quot;type&quot;:null},&quot;linkBehavior&quot;:{&quot;openNewTab&quot;:false,&quot;showPopupBox&quot;:false},&quot;linkText&quot;:&quot;&quot;},&quot;gaCampaignSource&quot;:&quot;&quot;,&quot;gaCampaignMedium&quot;:&quot;&quot;,&quot;gaCampaignName&quot;:&quot;&quot;}' \/>\n        <input type=\"hidden\" id=\"sli__a__aff070b7\" data-json='[{&quot;id&quot;:110603,&quot;type&quot;:&quot;BUSINESS&quot;,&quot;userId&quot;:&quot;17841404253321694&quot;,&quot;username&quot;:&quot;kaldun.pl&quot;,&quot;bio&quot;:&quot;Klub Posiadaczy Ka\\u0142duna Taktycznego\\nTactical Belly Owners Club \\nfacebook.com\\\/tbellyoc\\nhttps:\\\/\\\/buycoffee.to\\\/kaldun.pl&quot;,&quot;customBio&quot;:&quot;&quot;,&quot;profilePicUrl&quot;:&quot;https:\\\/\\\/scontent.fktw4-1.fna.fbcdn.net\\\/v\\\/t51.2885-15\\\/13687209_775346079282917_5498549584835641344_a.jpg?_nc_cat=109&amp;ccb=1-7&amp;_nc_sid=7d201b&amp;_nc_ohc=Kcw8cgvBOSUQ7kNvwHIWVH0&amp;_nc_oc=AdqYUOXG32eSP3s_AcJo_upGcF_2hX3uudLOq7N9mbt6pSXfTz4KDBvNjYwqsDGZuGw&amp;_nc_zt=23&amp;_nc_ht=scontent.fktw4-1.fna&amp;edm=AL-3X8kEAAAA&amp;oh=00_Af1YbbfRLn6bdSw58km6eh2bFoKdFFTRNHLdMS_a5mAC8Q&amp;oe=69E5FE50&quot;,&quot;customProfilePicUrl&quot;:&quot;&quot;,&quot;mediaCount&quot;:&quot;1207&quot;,&quot;followersCount&quot;:&quot;11746&quot;,&quot;usages&quot;:[],&quot;creationDate&quot;:&quot;2025-11-03 12:23:29&quot;}]' \/>\n        <input type=\"hidden\" id=\"sli__m__aff070b7\" data-json='[]' \/>\n        \n","protected":false},"excerpt":{"rendered":"<p>\u201eDesant, desant mi\u0142o\u015b\u0107 ma<br \/>\nW szpony or\u0142a wci\u0105\u017c mnie pcha.<br \/>\nKolor bordo, kolor krwi<br \/>\nJestem silny, jestem z\u0142y.<\/p>\n<p>Bo bordowy to nasz znak.<br \/>\nNa bordowym bia\u0142y ptak.<br \/>\nPod nim tarcza i ju\u017c wiesz<br \/>\n\u017ce to desant jest.<\/p>\n<p>Pisz\u0119 do dziewczyny list.<br \/>\nKapral wci\u0105\u017c pop\u0119dza mnie.<br \/>\nHej dziewczyno moja hej<br \/>\ncierpliwo\u015bci troch\u0119 miej.<br \/>\nNa kochanie przyjdzie czas<br \/>\nTylko skocz\u0119 jeszcze raz.<\/p>\n<p>Gro\u017any beryl, ostry n\u00f3\u017c.<br \/>\nHuk silnik\u00f3w, b\u0142oto, kurz.<br \/>\nMr\u00f3z czy upa\u0142, deszcz czy \u015bnieg.<br \/>\nNie zatrzyma nas nikt nie.\u201d<\/p>","protected":false},"featured_media":116791,"template":"","meta":{"_et_pb_use_builder":"","_et_pb_old_content":"","_et_gb_content_width":""},"product_brand":[],"product_cat":[114,416],"product_tag":[281,282,442,441],"class_list":{"0":"post-116744","1":"product","2":"type-product","3":"status-publish","4":"has-post-thumbnail","6":"product_cat-bluzy","7":"product_cat-bluzy-z-kapturem","8":"product_tag-bluza","9":"product_tag-bluzazkapturem","10":"product_tag-kantyna","11":"product_tag-kostucha","12":"product_shipping_class-bluzy","14":"first","15":"instock","16":"taxable","17":"shipping-taxable","18":"purchasable","19":"product-type-variable","20":"has-default-attributes"},"exclude_global_add_ons":[],"addons":[],"_links":{"self":[{"href":"https:\/\/kaldun.pl\/en\/wp-json\/wp\/v2\/product\/116744","targetHints":{"allow":["GET"]}}],"collection":[{"href":"https:\/\/kaldun.pl\/en\/wp-json\/wp\/v2\/product"}],"about":[{"href":"https:\/\/kaldun.pl\/en\/wp-json\/wp\/v2\/types\/product"}],"wp:featuredmedia":[{"embeddable":true,"href":"https:\/\/kaldun.pl\/en\/wp-json\/wp\/v2\/media\/116791"}],"wp:attachment":[{"href":"https:\/\/kaldun.pl\/en\/wp-json\/wp\/v2\/media?parent=116744"}],"wp:term":[{"taxonomy":"product_brand","embeddable":true,"href":"https:\/\/kaldun.pl\/en\/wp-json\/wp\/v2\/product_brand?post=116744"},{"taxonomy":"product_cat","embeddable":true,"href":"https:\/\/kaldun.pl\/en\/wp-json\/wp\/v2\/product_cat?post=116744"},{"taxonomy":"product_tag","embeddable":true,"href":"https:\/\/kaldun.pl\/en\/wp-json\/wp\/v2\/product_tag?post=116744"}],"curies":[{"name":"wp","href":"https:\/\/api.w.org\/{rel}","templated":true}]}}