{"id":319,"date":"2016-02-13T10:49:02","date_gmt":"2016-02-13T10:49:02","guid":{"rendered":"http:\/\/kaldun.pl\/?page_id=319"},"modified":"2024-01-07T11:31:56","modified_gmt":"2024-01-07T10:31:56","slug":"polityka-prywatnosci-i-cookies","status":"publish","type":"page","link":"https:\/\/kaldun.pl\/en\/polityka-prywatnosci-i-cookies\/","title":{"rendered":"#Polityka prywatno\u015bci i cookies"},"content":{"rendered":"<p>[et_pb_section fb_built=&#8221;1&#8243; admin_label=&#8221;section&#8221; _builder_version=&#8221;4.16&#8243; global_colors_info=&#8221;{}&#8221;][et_pb_row admin_label=&#8221;row&#8221; _builder_version=&#8221;4.16&#8243; background_size=&#8221;initial&#8221; background_position=&#8221;top_left&#8221; background_repeat=&#8221;repeat&#8221; global_colors_info=&#8221;{}&#8221;][et_pb_column type=&#8221;4_4&#8243; _builder_version=&#8221;4.16&#8243; custom_padding=&#8221;|||&#8221; global_colors_info=&#8221;{}&#8221; custom_padding__hover=&#8221;|||&#8221;][et_pb_text admin_label=&#8221;Tekst&#8221; _builder_version=&#8221;4.23.4&#8243; background_size=&#8221;initial&#8221; background_position=&#8221;top_left&#8221; background_repeat=&#8221;repeat&#8221; hover_enabled=&#8221;0&#8243; use_border_color=&#8221;off&#8221; border_color=&#8221;#ffffff&#8221; border_style=&#8221;solid&#8221; global_colors_info=&#8221;{}&#8221; sticky_enabled=&#8221;0&#8243;]<\/p>\n<h1>Polityka\u00a0prywatno\u015bci<\/h1>\n<p>W\u0142a\u015bciciel serwisu stara si\u0119 korzysta\u0107 z najlepszych praktyk i traktowa\u0107 wszystkich U\u017cytkownik\u00f3w w spos\u00f3b uczciwy i otwarty. Korzystaj\u0105c z serwisu wyra\u017casz zgod\u0119 na wykorzystanie przez nas plik\u00f3w cookies, w celu zapewnienia Tobie wygody podczas przegl\u0105dania stron serwisu. \u017badne pliki cookie wykorzystywane w naszych witrynach internetowych nie gromadz\u0105 informacji umo\u017cliwiaj\u0105cych ustalenie to\u017csamo\u015bci u\u017cytkownika.<\/p>\n<h2>Czym\u00a0jest plik cookie?<\/h2>\n<p>W dzisiejszym \u015bwiecie praktycznie ka\u017cda witryna internetowa wykorzystuje pliki cookie, czyli ciasteczka. Sk\u0142adaj\u0105 si\u0119 na nie niewielkie pliki tekstowe przechowywane na urz\u0105dzeniu ko\u0144cowym U\u017cytkownika. Tworzone s\u0105 przez Twoj\u0105 przegl\u0105dark\u0119 internetow\u0105 i przechowuj\u0105 ustawienia i informacje potrzebne (a cz\u0119sto niezb\u0119dne) do prawid\u0142owego dzia\u0142ania serwisu internetowego. Przy kolejnych odwiedzinach serwisu z tego samego urz\u0105dzenia przegl\u0105darka mo\u017ce sprawdzi\u0107, czy istniej\u0105 pliki cookies przechowuj\u0105ce wa\u017cne informacj\u0119 i przes\u0142a\u0107 je ponownie do odwiedzanej witryny, kt\u00f3ra wcze\u015bniej zapisa\u0142a ciasteczko w Twoim urz\u0105dzeniu. Witryna w ten spos\u00f3b mo\u017ce rozpozna\u0107, \u017ce u\u017cytkownik odwiedzi\u0142 j\u0105 wcze\u015bniej i np. dopasowa\u0107 prezentowan\u0105 tre\u015b\u0107 do odbiorcy.<\/p>\n<h2>Zalety\u00a0plik\u00f3w cookie<\/h2>\n<p>Pliki cookie u\u0142atwiaj\u0105 u\u017cytkownikowi korzystanie z wcze\u015bniej odwiedzanych przez niego stron internetowych. Je\u015bli u\u017cytkownik korzysta z tego samego urz\u0105dzenia i przegl\u0105darki co wcze\u015bniej, umo\u017cliwia to zapami\u0119tanie jego preferencji i pozwala odpowiednio wy\u015bwietli\u0107 stron\u0119 internetow\u0105, dostosowan\u0105 do jego indywidualnych potrzeb. Pliki cookies pozwalaj\u0105 tworzy\u0107 statystyki, kt\u00f3re pomagaj\u0105 zrozumie\u0107, w jaki spos\u00f3b U\u017cytkownicy korzystaj\u0105 ze strony internetowej, to pozwala na ulepszanie jej struktury i zawarto\u015bci. Pozwalaj\u0105 r\u00f3wnie\u017c na utrzymanie sesji U\u017cytkownika Serwisu (po zalogowaniu), dzi\u0119ki temu ka\u017cda kolejna podstrona serwisu nie wymaga ponownego logowania.<\/p>\n<h2>Kontrolowanie\u00a0i usuwanie plik\u00f3w cookie<\/h2>\n<p>U\u017cytkownik w dowolnym momencie mo\u017ce zmienia\u0107 spos\u00f3b korzystania z plik\u00f3w cookies. Wi\u0119kszo\u015b\u0107 przegl\u0105darek oferuje mo\u017cliwo\u015b\u0107 akceptowania lub odrzucania wszystkich plik\u00f3w cookie, akceptowania tylko niekt\u00f3rych rodzaj\u00f3w albo informowania u\u017cytkownika za ka\u017cdym razem, gdy strona internetowa pr\u00f3buje je zapisa\u0107. U\u017cytkownik mo\u017ce r\u00f3wnie\u017c z \u0142atwo\u015bci\u0105 usuwa\u0107 pliki cookie, kt\u00f3re zosta\u0142y ju\u017c zapisane na urz\u0105dzeniu przez przegl\u0105dark\u0119. Mo\u017cliwo\u015bci zarz\u0105dzania i usuwania plik\u00f3w cookie r\u00f3\u017cni\u0105 si\u0119 w zale\u017cno\u015bci od u\u017cywanej przegl\u0105darki. Wszystkie niezb\u0119dne informacje U\u017cytkownik mo\u017ce znale\u017a\u0107 wykorzystuj\u0105c funkcj\u0119 Pomoc w swojej przegl\u0105darce lub odwiedzaj\u0105c stron\u0119 internetow\u0105 http:\/\/www.aboutcookies.org\/, na kt\u00f3rej wyja\u015bniono, jak kontrolowa\u0107 i usuwa\u0107 pliki cookie w najpopularniejszych przegl\u0105darkach. Pami\u0119taj, \u017ce zablokowanie wszystkich ciasteczek mo\u017ce spowodowa\u0107 trudno\u015bci w dzia\u0142aniu lub zupe\u0142nie uniemo\u017cliwi\u0107 korzystanie z niekt\u00f3rych funkcjonalno\u015bci strony.<\/p>\n<h2>Jakie\u00a0pliki cookies wykorzystuje witryna?<\/h2>\n<p>Serwis wykorzystuje pliki cookies, kt\u00f3re mo\u017cna podzieli\u0107 w nast\u0119puj\u0105cy spos\u00f3b:<\/p>\n<ul>\n<li><strong>\u201eniezb\u0119dne\u201d<\/strong>\u00a0&#8211; czyli umo\u017cliwiaj\u0105ce korzystanie z us\u0142ug dost\u0119pnych w ramach Serwisu, np. podtrzymuj\u0105ce sesj\u0119 po zalogowaniu u\u017cytkownika<\/li>\n<li><strong>\u201efunkcjonalne\u201d<\/strong>\u00a0&#8211; pliki umo\u017cliwiaj\u0105ce \u201ezapami\u0119tanie\u201d wybranych ustawie\u0144 i wp\u0142ywaj\u0105ce na personalizacj\u0119 interfejsu<\/li>\n<li><strong>\u201ezabezpieczaj\u0105ce\u201d<\/strong>\u00a0\u2013 wspomagaj\u0105ce zapewnienie bezpiecze\u0144stwa<\/li>\n<li><strong>\u201ewydajno\u015bciowe\u201d<\/strong> &#8211; pliki umo\u017cliwiaj\u0105ce zbieranie informacji o sposobie korzystania z Serwisu (np. Google Analytics)<\/li>\n<\/ul>\n<h2>Jak\u00a0zmieni\u0107 ustawienia dotycz\u0105ce plik\u00f3w cookies w mojej przegl\u0105darce?<\/h2>\n<p>Informacje dotycz\u0105ce zmiany ustawie\u0144 plik\u00f3w cookies w poszczeg\u00f3lnych przegl\u0105darkach dost\u0119pne s\u0105 na poni\u017cszych stronach:<\/p>\n<p>Ustawienia plik\u00f3w cookies\u00a0<a href=\"http:\/\/support.microsoft.com\/kb\/196955\" target=\"_blank\" rel=\"noopener\">Internet Explorer<\/a><br \/>Ustawienia plik\u00f3w cookies\u00a0<a href=\"http:\/\/support.google.com\/chrome\/bin\/answer.py?hl=pl&amp;answer=95647\" target=\"_blank\" rel=\"noopener\">Chrome<\/a><br \/>Ustawienia plik\u00f3w cookies\u00a0<a href=\"http:\/\/support.mozilla.org\/pl\/kb\/W%C5%82%C4%85czanie%20i%20wy%C5%82%C4%85czanie%20obs%C5%82ugi%20ciasteczek\" target=\"_blank\" rel=\"noopener\">Firefox<\/a><br \/>Ustawienia plik\u00f3w cookies\u00a0<a href=\"http:\/\/help.opera.com\/Windows\/12.10\/pl\/cookies.html\" target=\"_blank\" rel=\"noopener\">Opera<\/a><br \/>Ustawienia plik\u00f3w cookies\u00a0<a href=\"http:\/\/support.apple.com\/kb\/PH5042\" target=\"_blank\" rel=\"noopener\">Safari<\/a><\/p>\n<p>Informacje dla urz\u0105dze\u0144 mobilnych dost\u0119pne s\u0105 na poni\u017cszych stronach:<\/p>\n<p>Pliki cookies w\u00a0<a href=\"http:\/\/support.google.com\/chrome\/bin\/answer.py?hl=pl&amp;answer=95647\" target=\"_blank\" rel=\"noopener\">Android<\/a><br \/>Pliki cookies w\u00a0<a href=\"http:\/\/support.apple.com\/kb\/HT1677?viewlocale=pl_PL\" target=\"_blank\" rel=\"noopener\">iOS (Safari)<\/a><br \/>Pliki cookies w\u00a0<a href=\"http:\/\/www.windowsphone.com\/pl-pl\/how-to\/wp7\/web\/changing-privacy-and-other-browser-settings\" target=\"_blank\" rel=\"noopener\">Windows Phone<\/a><\/p>\n<p>[\/et_pb_text][\/et_pb_column][\/et_pb_row][\/et_pb_section]<\/p>\n","protected":false},"excerpt":{"rendered":"<p>Polityka\u00a0prywatno\u015bci W\u0142a\u015bciciel serwisu stara si\u0119 korzysta\u0107 z najlepszych praktyk i traktowa\u0107 wszystkich U\u017cytkownik\u00f3w w spos\u00f3b uczciwy i otwarty. Korzystaj\u0105c z serwisu wyra\u017casz zgod\u0119 na wykorzystanie przez nas plik\u00f3w cookies, w celu zapewnienia Tobie wygody podczas przegl\u0105dania stron serwisu. \u017badne pliki cookie wykorzystywane w naszych witrynach internetowych nie gromadz\u0105 informacji umo\u017cliwiaj\u0105cych ustalenie to\u017csamo\u015bci u\u017cytkownika. Czym\u00a0jest plik [&hellip;]<\/p>\n","protected":false},"author":1,"featured_media":0,"parent":0,"menu_order":0,"comment_status":"closed","ping_status":"open","template":"","meta":{"_et_pb_use_builder":"on","_et_pb_old_content":"<h1>Polityka\u00a0prywatno\u015bci<\/h1><p>W\u0142a\u015bciciel serwisu stara si\u0119 korzysta\u0107 z najlepszych praktyk i traktowa\u0107 wszystkich U\u017cytkownik\u00f3w w spos\u00f3b uczciwy i otwarty. Korzystaj\u0105c z serwisu wyra\u017casz zgod\u0119 na wykorzystanie przez nas plik\u00f3w cookies, w celu zapewnienia Tobie wygody podczas przegl\u0105dania stron serwisu. \u017badne pliki cookie wykorzystywane w naszych witrynach internetowych nie gromadz\u0105 informacji umo\u017cliwiaj\u0105cych ustalenie to\u017csamo\u015bci u\u017cytkownika.<\/p><h2>Czym\u00a0jest plik cookie?<\/h2><p>W dzisiejszym \u015bwiecie praktycznie ka\u017cda witryna internetowa wykorzystuje pliki cookie, czyli ciasteczka. Sk\u0142adaj\u0105 si\u0119 na nie niewielkie pliki tekstowe przechowywane na urz\u0105dzeniu ko\u0144cowym U\u017cytkownika. Tworzone s\u0105 przez Twoj\u0105 przegl\u0105dark\u0119 internetow\u0105 i przechowuj\u0105 ustawienia i informacje potrzebne (a cz\u0119sto niezb\u0119dne) do prawid\u0142owego dzia\u0142ania serwisu internetowego. Przy kolejnych odwiedzinach serwisu z tego samego urz\u0105dzenia przegl\u0105darka mo\u017ce sprawdzi\u0107, czy istniej\u0105 pliki cookies przechowuj\u0105ce wa\u017cne informacj\u0119 i przes\u0142a\u0107 je ponownie do odwiedzanej witryny, kt\u00f3ra wcze\u015bniej zapisa\u0142a ciasteczko w Twoim urz\u0105dzeniu. Witryna w ten spos\u00f3b mo\u017ce rozpozna\u0107, \u017ce u\u017cytkownik odwiedzi\u0142 j\u0105 wcze\u015bniej i np. dopasowa\u0107 prezentowan\u0105 tre\u015b\u0107 do odbiorcy.<\/p><h2>Zalety\u00a0plik\u00f3w cookie<\/h2><p>Pliki cookie u\u0142atwiaj\u0105 u\u017cytkownikowi korzystanie z wcze\u015bniej odwiedzanych przez niego stron internetowych. Je\u015bli u\u017cytkownik korzysta z tego samego urz\u0105dzenia i przegl\u0105darki co wcze\u015bniej, umo\u017cliwia to zapami\u0119tanie jego preferencji i pozwala odpowiednio wy\u015bwietli\u0107 stron\u0119 internetow\u0105, dostosowan\u0105 do jego indywidualnych potrzeb. Pliki cookies pozwalaj\u0105 tworzy\u0107 statystyki, kt\u00f3re pomagaj\u0105 zrozumie\u0107, w jaki spos\u00f3b U\u017cytkownicy korzystaj\u0105 ze strony internetowej, to pozwala na ulepszanie jej struktury i zawarto\u015bci. Pozwalaj\u0105 r\u00f3wnie\u017c na utrzymanie sesji U\u017cytkownika Serwisu (po zalogowaniu), dzi\u0119ki temu ka\u017cda kolejna podstrona serwisu nie wymaga ponownego logowania.<\/p><h2>Kontrolowanie\u00a0i usuwanie plik\u00f3w cookie<\/h2><p>U\u017cytkownik w dowolnym momencie mo\u017ce zmienia\u0107 spos\u00f3b korzystania z plik\u00f3w cookies. Wi\u0119kszo\u015b\u0107 przegl\u0105darek oferuje mo\u017cliwo\u015b\u0107 akceptowania lub odrzucania wszystkich plik\u00f3w cookie, akceptowania tylko niekt\u00f3rych rodzaj\u00f3w albo informowania u\u017cytkownika za ka\u017cdym razem, gdy strona internetowa pr\u00f3buje je zapisa\u0107. U\u017cytkownik mo\u017ce r\u00f3wnie\u017c z \u0142atwo\u015bci\u0105 usuwa\u0107 pliki cookie, kt\u00f3re zosta\u0142y ju\u017c zapisane na urz\u0105dzeniu przez przegl\u0105dark\u0119. Mo\u017cliwo\u015bci zarz\u0105dzania i usuwania plik\u00f3w cookie r\u00f3\u017cni\u0105 si\u0119 w zale\u017cno\u015bci od u\u017cywanej przegl\u0105darki. Wszystkie niezb\u0119dne informacje U\u017cytkownik mo\u017ce znale\u017a\u0107 wykorzystuj\u0105c funkcj\u0119 Pomoc w swojej przegl\u0105darce lub odwiedzaj\u0105c stron\u0119 internetow\u0105 http:\/\/www.aboutcookies.org\/, na kt\u00f3rej wyja\u015bniono, jak kontrolowa\u0107 i usuwa\u0107 pliki cookie w najpopularniejszych przegl\u0105darkach. Pami\u0119taj, \u017ce zablokowanie wszystkich ciasteczek mo\u017ce spowodowa\u0107 trudno\u015bci w dzia\u0142aniu lub zupe\u0142nie uniemo\u017cliwi\u0107 korzystanie z niekt\u00f3rych funkcjonalno\u015bci strony.<\/p><h2>Jakie\u00a0pliki cookies wykorzystuje witryna?<\/h2><p>Serwis wykorzystuje pliki cookies, kt\u00f3re mo\u017cna podzieli\u0107 w nast\u0119puj\u0105cy spos\u00f3b:<\/p><ul><li><strong>\u201eniezb\u0119dne\u201d<\/strong>\u00a0- czyli umo\u017cliwiaj\u0105ce korzystanie z us\u0142ug dost\u0119pnych w ramach Serwisu, np. podtrzymuj\u0105ce sesj\u0119 po zalogowaniu u\u017cytkownika<\/li><li><strong>\u201efunkcjonalne\u201d<\/strong>\u00a0- pliki umo\u017cliwiaj\u0105ce \u201ezapami\u0119tanie\u201d wybranych ustawie\u0144 i wp\u0142ywaj\u0105ce na personalizacj\u0119 interfejsu<\/li><li><strong>\u201ezabezpieczaj\u0105ce\u201d<\/strong>\u00a0\u2013 wspomagaj\u0105ce zapewnienie bezpiecze\u0144stwa<\/li><li><strong>\u201ewydajno\u015bciowe\u201d<\/strong>\u00a0- pliki umo\u017cliwiaj\u0105ce zbieranie informacji o sposobie korzystania z Serwisu<\/li><\/ul><h2>Jak\u00a0zmieni\u0107 ustawienia dotycz\u0105ce plik\u00f3w cookies w mojej przegl\u0105darce?<\/h2><p>Informacje dotycz\u0105ce zmiany ustawie\u0144 plik\u00f3w cookies w poszczeg\u00f3lnych przegl\u0105darkach dost\u0119pne s\u0105 na poni\u017cszych stronach:<\/p><p>Ustawienia plik\u00f3w cookies\u00a0<a href=\"http:\/\/support.microsoft.com\/kb\/196955\" target=\"_blank\">Internet Explorer<\/a><br \/> Ustawienia plik\u00f3w cookies\u00a0<a href=\"http:\/\/support.google.com\/chrome\/bin\/answer.py?hl=pl&answer=95647\" target=\"_blank\">Chrome<\/a><br \/> Ustawienia plik\u00f3w cookies\u00a0<a href=\"http:\/\/support.mozilla.org\/pl\/kb\/W%C5%82%C4%85czanie%20i%20wy%C5%82%C4%85czanie%20obs%C5%82ugi%20ciasteczek\" target=\"_blank\">Firefox<\/a><br \/> Ustawienia plik\u00f3w cookies\u00a0<a href=\"http:\/\/help.opera.com\/Windows\/12.10\/pl\/cookies.html\" target=\"_blank\">Opera<\/a><br \/> Ustawienia plik\u00f3w cookies\u00a0<a href=\"http:\/\/support.apple.com\/kb\/PH5042\" target=\"_blank\">Safari<\/a><\/p><p>Informacje dla urz\u0105dze\u0144 mobilnych dost\u0119pne s\u0105 na poni\u017cszych stronach:<\/p><p>Pliki cookies w\u00a0<a href=\"http:\/\/support.google.com\/chrome\/bin\/answer.py?hl=pl&answer=95647\" target=\"_blank\">Android<\/a><br \/> Pliki cookies w\u00a0<a href=\"http:\/\/docs.blackberry.com\/en\/smartphone_users\/deliverables\/32004\/Turn_off_cookies_in_the_browser_60_1072866_11.jsp\" target=\"_blank\">Blackberry<\/a><br \/> Pliki cookies w\u00a0<a href=\"http:\/\/support.apple.com\/kb\/HT1677?viewlocale=pl_PL\" target=\"_blank\">iOS (Safari)<\/a><br \/> Pliki cookies w\u00a0<a href=\"http:\/\/www.windowsphone.com\/pl-pl\/how-to\/wp7\/web\/changing-privacy-and-other-browser-settings\" target=\"_blank\">Windows Phone<\/a><\/p>","_et_gb_content_width":"","footnotes":""},"class_list":["post-319","page","type-page","status-publish","hentry"],"_links":{"self":[{"href":"https:\/\/kaldun.pl\/en\/wp-json\/wp\/v2\/pages\/319","targetHints":{"allow":["GET"]}}],"collection":[{"href":"https:\/\/kaldun.pl\/en\/wp-json\/wp\/v2\/pages"}],"about":[{"href":"https:\/\/kaldun.pl\/en\/wp-json\/wp\/v2\/types\/page"}],"author":[{"embeddable":true,"href":"https:\/\/kaldun.pl\/en\/wp-json\/wp\/v2\/users\/1"}],"replies":[{"embeddable":true,"href":"https:\/\/kaldun.pl\/en\/wp-json\/wp\/v2\/comments?post=319"}],"version-history":[{"count":0,"href":"https:\/\/kaldun.pl\/en\/wp-json\/wp\/v2\/pages\/319\/revisions"}],"wp:attachment":[{"href":"https:\/\/kaldun.pl\/en\/wp-json\/wp\/v2\/media?parent=319"}],"curies":[{"name":"wp","href":"https:\/\/api.w.org\/{rel}","templated":true}]}}